{"id":216,"date":"2020-06-09T12:27:27","date_gmt":"2020-06-09T12:27:27","guid":{"rendered":"https:\/\/clubsantafesino.com.ar\/santawp\/?page_id=216"},"modified":"2026-02-13T16:58:40","modified_gmt":"2026-02-13T19:58:40","slug":"requisitos","status":"publish","type":"page","link":"https:\/\/clubsantafesino.com.ar\/santawp\/requisitos\/","title":{"rendered":"SUSPENDEMOS INGRESO A NUEVOS SOCIOS"},"content":{"rendered":"\n<p>&nbsp;COMUNICADO IMPORTANTE&nbsp;<\/p>\n\n\n\n<p>Club Santafesino<\/p>\n\n\n\n<p><strong>Informamos a nuestra comunidad que a partir del 22 de septiembre 2025, debido a la gran demanda y con el objetivo de mantener la calidad de nuestros servicios e instalaciones, no recibiremos nuevos socios por el momento.<br><\/strong><br>Queremos agradecer profundamente la confianza y el inter\u00e9s que d\u00eda a d\u00eda demuestran hacia nuestro club.<\/p>\n\n\n\n<p>Los mantendremos informados cuando volvamos a habilitar nuevas inscripciones.<\/p>\n\n\n\n<p><strong>\u00a1Gracias por acompa\u00f1arnos siempre!<br><\/strong><br>Comisi\u00f3n Directiva \u2013 Club Santafesino<\/p>\n\n\n\n<p>Te invitamos a que nos sigas en redes sociales para estar actualizado con las novedades!<\/p>\n\n\n\n<p>INSTAGRAM clubsantafeisnonqn<\/p>\n\n\n\n<p>FACEBOOK Centro residentes Santafesinos Neuqu\u00e9n<\/p>\n\n\n\n<p>web&nbsp;<a href=\"http:\/\/www.clubsantafesino.com.ar\/\" target=\"_blank\" rel=\"noreferrer noopener\">www.clubsantafesino.com.ar<\/a><\/p>\n\n\n\n<p>whatsapp 2996355630<\/p>\n\n\n\n<p><\/p>\n\n\n\n<p>\u00c9sta informaci\u00f3n est\u00e1 temporalmente suspendida  <code>&gt;&gt;&gt;&gt; <\/code><strong>ESTIMADO\/A, LOS REQUISITOS SE ENVIAR\u00c1N DE MANERA VIRTUAL (descarga de pdf, archivo, NO FOTOGRAF\u00cdA NI CAPTURA DE PANTALLA) <strong>a <a href=\"mailto:clubsantafesino@gmail.com\" target=\"_blank\" rel=\"noreferrer noopener\">clubsantafesino@gmail.com<\/a><\/strong><\/strong> y debe esperar respuesta.<br><br><br><br><\/p>\n\n\n\n<div data-wp-interactive=\"core\/file\" class=\"wp-block-file\"><object data-wp-bind--hidden=\"!state.hasPdfPreview\" hidden class=\"wp-block-file__embed\" data=\"https:\/\/clubsantafesino.com.ar\/santawp\/wp-content\/uploads\/2025\/03\/debito_automatico_completar-20.pdf\" type=\"application\/pdf\" style=\"width:100%;height:600px\" aria-label=\"Incrustado de debito_automatico_completar (20).\"><\/object><a id=\"wp-block-file--media-e3ad5be7-6cd7-4e1f-b679-66e78524d882\" href=\"https:\/\/clubsantafesino.com.ar\/santawp\/wp-content\/uploads\/2025\/03\/debito_automatico_completar-20.pdf\">debito_automatico_completar (20)<\/a><a href=\"https:\/\/clubsantafesino.com.ar\/santawp\/wp-content\/uploads\/2025\/03\/debito_automatico_completar-20.pdf\" class=\"wp-block-file__button wp-element-button\" download aria-describedby=\"wp-block-file--media-e3ad5be7-6cd7-4e1f-b679-66e78524d882\">Descarga<\/a><\/div>\n\n\n\n<div data-wp-interactive=\"core\/file\" class=\"wp-block-file\"><object data-wp-bind--hidden=\"!state.hasPdfPreview\" hidden class=\"wp-block-file__embed\" data=\"https:\/\/clubsantafesino.com.ar\/santawp\/wp-content\/uploads\/2025\/03\/formulario_solicitud_socio-76.pdf\" type=\"application\/pdf\" style=\"width:100%;height:600px\" aria-label=\"Incrustado de formulario_solicitud_socio (76).\"><\/object><a id=\"wp-block-file--media-4fee040c-ea1c-4c12-8763-19108687438c\" href=\"https:\/\/clubsantafesino.com.ar\/santawp\/wp-content\/uploads\/2025\/03\/formulario_solicitud_socio-76.pdf\">formulario_solicitud_socio (76)<\/a><a href=\"https:\/\/clubsantafesino.com.ar\/santawp\/wp-content\/uploads\/2025\/03\/formulario_solicitud_socio-76.pdf\" class=\"wp-block-file__button wp-element-button\" download aria-describedby=\"wp-block-file--media-4fee040c-ea1c-4c12-8763-19108687438c\">Descarga<\/a><\/div>\n\n\n\n<p><br><\/p>\n\n\n\n<h1 class=\"wp-block-heading has-text-align-center\"><br><\/h1>\n\n\n\n<figure class=\"wp-block-table\"><table><thead><tr><th><strong>Inscripci\u00f3n \u00daNICA VEZ<\/strong> &#8211;<\/th><th class=\"has-text-align-center\" data-align=\"center\">Importe<\/th><\/tr><\/thead><tbody><tr><td>INSCRIPCION GRUPO FAMILIAR-  <\/td><td class=\"has-text-align-center\" data-align=\"center\">Valor cuota de cada Adulto x 6 + la cuota del mes (no son cuotas por adelantado)<\/td><\/tr><tr><td>INSCRIPCION INDIVIDUAL<\/td><td class=\"has-text-align-center\" data-align=\"center\">Valor cuota del Adulto x 6 + la cuota del mes (no son cuotas por adelantado)<\/td><\/tr><\/tbody><\/table><\/figure>\n\n\n\n<p><\/p>\n\n\n\n<figure class=\"wp-block-table\"><table><thead><tr><th><strong>Valor cuota Social MENSUAL<\/strong> FEBRERO<\/th><th class=\"has-text-align-center\" data-align=\"center\">Importe<\/th><\/tr><\/thead><tbody><tr><td>ADULTOS<\/td><td class=\"has-text-align-center\" data-align=\"center\">$33.500.-<\/td><\/tr><tr><td>JUVENILES ( 13 a 17 a\u00f1os)<\/td><td class=\"has-text-align-center\" data-align=\"center\">$23.000.-<\/td><\/tr><tr><td>INFANTILES ( 6 a 12 a\u00f1os)<\/td><td class=\"has-text-align-center\" data-align=\"center\">$ 18.000.-<\/td><\/tr><tr><td>MENORES ( 0 a 5 a\u00f1os)<\/td><td class=\"has-text-align-center\" data-align=\"center\">$&nbsp; 0.-<\/td><\/tr><tr><td>MAYORES ( desde 65 a\u00f1os)<\/td><td class=\"has-text-align-center\" data-align=\"center\">$17.000.-<\/td><\/tr><tr><td>ADULTOS con Certif de Discapacidad<\/td><td class=\"has-text-align-center\" data-align=\"center\">$23.000-<\/td><\/tr><\/tbody><\/table><\/figure>\n","protected":false},"excerpt":{"rendered":"<p>&nbsp;COMUNICADO IMPORTANTE&nbsp; Club Santafesino Informamos a nuestra comunidad que a partir del 22 de septiembre 2025, debido a la gran demanda y con el objetivo de mantener la calidad de nuestros servicios e instalaciones, no recibiremos nuevos socios por el momento.Queremos agradecer profundamente la confianza y el inter\u00e9s que d\u00eda a d\u00eda demuestran hacia nuestro [&hellip;]<\/p>\n","protected":false},"author":2,"featured_media":0,"parent":0,"menu_order":0,"comment_status":"closed","ping_status":"closed","template":"","meta":{"_joinchat":[],"footnotes":""},"class_list":["post-216","page","type-page","status-publish","czr-hentry"],"_links":{"self":[{"href":"https:\/\/clubsantafesino.com.ar\/santawp\/wp-json\/wp\/v2\/pages\/216","targetHints":{"allow":["GET"]}}],"collection":[{"href":"https:\/\/clubsantafesino.com.ar\/santawp\/wp-json\/wp\/v2\/pages"}],"about":[{"href":"https:\/\/clubsantafesino.com.ar\/santawp\/wp-json\/wp\/v2\/types\/page"}],"author":[{"embeddable":true,"href":"https:\/\/clubsantafesino.com.ar\/santawp\/wp-json\/wp\/v2\/users\/2"}],"replies":[{"embeddable":true,"href":"https:\/\/clubsantafesino.com.ar\/santawp\/wp-json\/wp\/v2\/comments?post=216"}],"version-history":[{"count":59,"href":"https:\/\/clubsantafesino.com.ar\/santawp\/wp-json\/wp\/v2\/pages\/216\/revisions"}],"predecessor-version":[{"id":1921,"href":"https:\/\/clubsantafesino.com.ar\/santawp\/wp-json\/wp\/v2\/pages\/216\/revisions\/1921"}],"wp:attachment":[{"href":"https:\/\/clubsantafesino.com.ar\/santawp\/wp-json\/wp\/v2\/media?parent=216"}],"curies":[{"name":"wp","href":"https:\/\/api.w.org\/{rel}","templated":true}]}}